{"id":6318,"date":"2019-12-09T11:41:49","date_gmt":"2019-12-09T11:41:49","guid":{"rendered":"http:\/\/consulting.stylemixthemes.com\/demo\/?page_id=6318"},"modified":"2019-12-09T11:41:49","modified_gmt":"2019-12-09T11:41:49","slug":"cases-list","status":"publish","type":"page","link":"https:\/\/centering.hr\/hr\/cases-list\/","title":{"rendered":"Cases list"},"content":{"rendered":"<div data-elementor-type=\"wp-page\" data-elementor-id=\"6318\" class=\"elementor elementor-6318 elementor-bc-flex-widget\">\n\t\t\t\t\t\t<section class=\"elementor-section elementor-top-section elementor-element elementor-element-bf363d0 elementor-section-boxed elementor-section-height-default elementor-section-height-default\" data-id=\"bf363d0\" data-element_type=\"section\" data-e-type=\"section\">\n\t\t\t\t\t\t<div class=\"elementor-container elementor-column-gap-default\">\n\t\t\t\t\t<div class=\"elementor-column elementor-col-66 elementor-top-column elementor-element elementor-element-bf36b09\" data-id=\"bf36b09\" data-element_type=\"column\" data-e-type=\"column\">\n\t\t\t<div class=\"elementor-widget-wrap elementor-element-populated\">\n\t\t\t\t\t\t<div class=\"elementor-element elementor-element-bf36f56 elementor-widget elementor-widget-stm_news\" data-id=\"bf36f56\" data-element_type=\"widget\" data-e-type=\"widget\" data-widget_type=\"stm_news.default\">\n\t\t\t\t<div class=\"elementor-widget-container\">\n\t\t\t\t\t\n\n    <div class=\"stm_news  consulting_elementor_posts\">\n        <ul class=\"news_list posts_per_row_\">\n\n            \n                                <li class=\"view_style_3\">\n                    <div class=\"post_item\">\n                                                    <a href=\"https:\/\/centering.hr\/hr\/works\/constructing-a-best-in-class-global-procurement\/\" class=\"image\">\n                                <img src='https:\/\/centering.hr\/wp-content\/uploads\/elementor\/thumbs\/budapest-service-1-rn07bh78ddhstghx0skpm4vy6bhscoentagg290ip0.jpg' alt='theme_placeholder' \/>                            <\/a>\n                                                <div class=\"content\">\n                            <a href=\"https:\/\/centering.hr\/hr\/works\/constructing-a-best-in-class-global-procurement\/\" class=\"title base_font_color\">\n                                <h5 class=\"secondary_font_color_hv\">Constructing a best-in-class global procurement<\/h5>\n                            <\/a>\n                            <div class=\"description\">\n                                <p>Energy &#038; Environment<\/p>\n                            <\/div>\n                            <a href=\"https:\/\/centering.hr\/hr\/works\/constructing-a-best-in-class-global-procurement\/\" class=\"read_more\">\n                                <i class=\"stm-lnr-arrow-right third_bg_color base_bg_color_hv\"><\/i>\n                                <span>\n                                vi\u0161e                                <\/span>\n                            <\/a>\n                        <\/div>\n                    <\/div>\n                <\/li>\n\n            \n                                <li class=\"view_style_3\">\n                    <div class=\"post_item\">\n                                                    <a href=\"https:\/\/centering.hr\/hr\/works\/leading-consumer-products-companies-2\/\" class=\"image\">\n                                <img src='https:\/\/centering.hr\/wp-content\/uploads\/elementor\/thumbs\/budapest-service-2-rn07bi52k7j352gjvazc6mnerpd5kdie5f3xjiz4is.jpg' alt='theme_placeholder' \/>                            <\/a>\n                                                <div class=\"content\">\n                            <a href=\"https:\/\/centering.hr\/hr\/works\/leading-consumer-products-companies-2\/\" class=\"title base_font_color\">\n                                <h5 class=\"secondary_font_color_hv\">Leading consumer products companies<\/h5>\n                            <\/a>\n                            <div class=\"description\">\n                                <p>Financial Services<\/p>\n                            <\/div>\n                            <a href=\"https:\/\/centering.hr\/hr\/works\/leading-consumer-products-companies-2\/\" class=\"read_more\">\n                                <i class=\"stm-lnr-arrow-right third_bg_color base_bg_color_hv\"><\/i>\n                                <span>\n                                vi\u0161e                                <\/span>\n                            <\/a>\n                        <\/div>\n                    <\/div>\n                <\/li>\n\n            \n                                <li class=\"view_style_3\">\n                    <div class=\"post_item\">\n                                                    <a href=\"https:\/\/centering.hr\/hr\/works\/constructing-a-best-in-class-global\/\" class=\"image\">\n                                <img src='https:\/\/centering.hr\/wp-content\/uploads\/elementor\/thumbs\/budapest-service-3-rn07bj2wr1kdgof6ptdyr4evd38is2m4hjrf0sxqck.jpg' alt='theme_placeholder' \/>                            <\/a>\n                                                <div class=\"content\">\n                            <a href=\"https:\/\/centering.hr\/hr\/works\/constructing-a-best-in-class-global\/\" class=\"title base_font_color\">\n                                <h5 class=\"secondary_font_color_hv\">Constructing the best-in-class global assets<\/h5>\n                            <\/a>\n                            <div class=\"description\">\n                                <p>Business Services<\/p>\n                            <\/div>\n                            <a href=\"https:\/\/centering.hr\/hr\/works\/constructing-a-best-in-class-global\/\" class=\"read_more\">\n                                <i class=\"stm-lnr-arrow-right third_bg_color base_bg_color_hv\"><\/i>\n                                <span>\n                                vi\u0161e                                <\/span>\n                            <\/a>\n                        <\/div>\n                    <\/div>\n                <\/li>\n\n            \n                                <li class=\"view_style_3\">\n                    <div class=\"post_item\">\n                                                    <a href=\"https:\/\/centering.hr\/hr\/works\/leading-consumer-products-companies\/\" class=\"image\">\n                                <img src='https:\/\/centering.hr\/wp-content\/uploads\/elementor\/thumbs\/budapest-service-1-rn07bh78ddhstghx0skpm4vy6bhscoentagg290ip0.jpg' alt='theme_placeholder' \/>                            <\/a>\n                                                <div class=\"content\">\n                            <a href=\"https:\/\/centering.hr\/hr\/works\/leading-consumer-products-companies\/\" class=\"title base_font_color\">\n                                <h5 class=\"secondary_font_color_hv\">Leading consumer products companies<\/h5>\n                            <\/a>\n                            <div class=\"description\">\n                                <p>Surface Transport &#038; Logistics<\/p>\n                            <\/div>\n                            <a href=\"https:\/\/centering.hr\/hr\/works\/leading-consumer-products-companies\/\" class=\"read_more\">\n                                <i class=\"stm-lnr-arrow-right third_bg_color base_bg_color_hv\"><\/i>\n                                <span>\n                                vi\u0161e                                <\/span>\n                            <\/a>\n                        <\/div>\n                    <\/div>\n                <\/li>\n\n            \n                                <li class=\"view_style_3\">\n                    <div class=\"post_item\">\n                                                    <a href=\"https:\/\/centering.hr\/hr\/works\/healthcare-giant-overcomes-merger-risks-for-growth\/\" class=\"image\">\n                                <img src='https:\/\/centering.hr\/wp-content\/uploads\/elementor\/thumbs\/budapest-service-2-rn07bi52k7j352gjvazc6mnerpd5kdie5f3xjiz4is.jpg' alt='theme_placeholder' \/>                            <\/a>\n                                                <div class=\"content\">\n                            <a href=\"https:\/\/centering.hr\/hr\/works\/healthcare-giant-overcomes-merger-risks-for-growth\/\" class=\"title base_font_color\">\n                                <h5 class=\"secondary_font_color_hv\">Healthcare giant overcomes merger in 2015<\/h5>\n                            <\/a>\n                            <div class=\"description\">\n                                <p>Business Services<\/p>\n                            <\/div>\n                            <a href=\"https:\/\/centering.hr\/hr\/works\/healthcare-giant-overcomes-merger-risks-for-growth\/\" class=\"read_more\">\n                                <i class=\"stm-lnr-arrow-right third_bg_color base_bg_color_hv\"><\/i>\n                                <span>\n                                vi\u0161e                                <\/span>\n                            <\/a>\n                        <\/div>\n                    <\/div>\n                <\/li>\n\n                    <\/ul>\n    <\/div>\n\t\t\t\t<\/div>\n\t\t\t\t<\/div>\n\t\t\t\t\t<\/div>\n\t\t<\/div>\n\t\t\t\t<div class=\"elementor-column elementor-col-33 elementor-top-column elementor-element elementor-element-bf37013\" data-id=\"bf37013\" data-element_type=\"column\" data-e-type=\"column\">\n\t\t\t<div class=\"elementor-widget-wrap elementor-element-populated\">\n\t\t\t\t\t\t<div class=\"elementor-element elementor-element-bf374f8 elementor-widget elementor-widget-stm_sidebar\" data-id=\"bf374f8\" data-element_type=\"widget\" data-e-type=\"widget\" data-widget_type=\"stm_sidebar.default\">\n\t\t\t\t<div class=\"elementor-widget-container\">\n\t\t\t\t\t\n<div class=\"stm_sidebar consulting_elementor_sidebar\">\n\n            \t\t<div data-elementor-type=\"wp-post\" data-elementor-id=\"573\" class=\"elementor elementor-573\">\n\t\t\t\t\t\t<section class=\"elementor-section elementor-top-section elementor-element elementor-element-b640db7 third_bg_color elementor-section-boxed elementor-section-height-default elementor-section-height-default\" data-id=\"b640db7\" data-element_type=\"section\" data-e-type=\"section\" data-settings=\"{&quot;background_background&quot;:&quot;classic&quot;}\">\n\t\t\t\t\t\t<div class=\"elementor-container elementor-column-gap-default\">\n\t\t\t\t\t<div class=\"elementor-column elementor-col-100 elementor-top-column elementor-element elementor-element-b6413f8\" data-id=\"b6413f8\" data-element_type=\"column\" data-e-type=\"column\" data-settings=\"{&quot;background_background&quot;:&quot;classic&quot;}\">\n\t\t\t<div class=\"elementor-widget-wrap elementor-element-populated\">\n\t\t\t\t\t\t<div class=\"elementor-element elementor-element-b64192b elementor-widget elementor-widget-vc_custom_heading\" data-id=\"b64192b\" data-element_type=\"widget\" data-e-type=\"widget\" data-widget_type=\"vc_custom_heading.default\">\n\t\t\t\t<div class=\"elementor-widget-container\">\n\t\t\t\t\t<div class=\"vc_custom_heading  consulting_heading_font  text_align_left title_no_stripe\" ><h4 style=\"font-size: 16px;text-align: left;font-weight:700\" class=\"consulting-custom-title\">how can we help you?\n<\/h4><\/div>\t\t\t\t<\/div>\n\t\t\t\t<\/div>\n\t\t\t\t<div class=\"elementor-element elementor-element-b641cc4 elementor-widget elementor-widget-text-editor\" data-id=\"b641cc4\" data-element_type=\"widget\" data-e-type=\"widget\" data-widget_type=\"text-editor.default\">\n\t\t\t\t<div class=\"elementor-widget-container\">\n\t\t\t\t\t\t\t\t\t<p><span style=\"font-size: 13px; line-height: 22px;\">Contact us at the Consulting WP office nearest to you or submit a business inquiry online.<\/span><\/p>\n\t\t\t\t\t\t\t\t<\/div>\n\t\t\t\t<\/div>\n\t\t\t\t<div class=\"elementor-element elementor-element-b642002 elementor-widget__width-auto elementor-widget elementor-widget-button\" data-id=\"b642002\" data-element_type=\"widget\" data-e-type=\"widget\" data-widget_type=\"button.default\">\n\t\t\t\t<div class=\"elementor-widget-container\">\n\t\t\t\t\t\t\t\t\t<div class=\"elementor-button-wrapper icon_align_\">\n\t\t\t\t\t<a class=\"elementor-button elementor-button-link elementor-size-sm\" href=\"http:\/\/demo-import.loc\/contact-us\/\">\n\t\t\t\t\t\t<span class=\"elementor-button-content-wrapper\">\n\t\t\t\t\t\t<span class=\"elementor-button-icon\">\n\t\t\t\t<i aria-hidden=\"true\" class=\"fa fa-phone-square\"><\/i>\t\t\t<\/span>\n\t\t\t\t\t\t\t\t\t<span class=\"elementor-button-text\">contacts<\/span>\n\t\t\t\t\t<\/span>\n\t\t\t\t\t<\/a>\n\t\t\t\t<\/div>\n\t\t\t\t\t\t\t\t<\/div>\n\t\t\t\t<\/div>\n\t\t\t\t\t<\/div>\n\t\t<\/div>\n\t\t\t\t\t<\/div>\n\t\t<\/section>\n\t\t\t\t<section class=\"elementor-section elementor-top-section elementor-element elementor-element-b6431bc elementor-section-boxed elementor-section-height-default elementor-section-height-default\" data-id=\"b6431bc\" data-element_type=\"section\" data-e-type=\"section\" data-settings=\"{&quot;background_background&quot;:&quot;classic&quot;}\">\n\t\t\t\t\t\t<div class=\"elementor-container elementor-column-gap-no\">\n\t\t\t\t\t<div class=\"elementor-column elementor-col-100 elementor-top-column elementor-element elementor-element-b643a6f\" data-id=\"b643a6f\" data-element_type=\"column\" data-e-type=\"column\">\n\t\t\t<div class=\"elementor-widget-wrap elementor-element-populated\">\n\t\t\t\t\t\t<div class=\"elementor-element elementor-element-b643fb5 elementor-align-left elementor-widget elementor-widget-button\" data-id=\"b643fb5\" data-element_type=\"widget\" data-e-type=\"widget\" data-widget_type=\"button.default\">\n\t\t\t\t<div class=\"elementor-widget-container\">\n\t\t\t\t\t\t\t\t\t<div class=\"elementor-button-wrapper icon_align_  button_block\">\n\t\t\t\t\t<a class=\"elementor-button elementor-button-link elementor-size-lg\" href=\"#\">\n\t\t\t\t\t\t<span class=\"elementor-button-content-wrapper\">\n\t\t\t\t\t\t<span class=\"elementor-button-icon\">\n\t\t\t\t<i aria-hidden=\"true\" class=\"fa fa-file-pdf-o\"><\/i>\t\t\t<\/span>\n\t\t\t\t\t\t\t\t\t<span class=\"elementor-button-text\">Company presentation<\/span>\n\t\t\t\t\t<\/span>\n\t\t\t\t\t<\/a>\n\t\t\t\t<\/div>\n\t\t\t\t\t\t\t\t<\/div>\n\t\t\t\t<\/div>\n\t\t\t\t<div class=\"elementor-element elementor-element-b644eea elementor-widget elementor-widget-stm_testimonials\" data-id=\"b644eea\" data-element_type=\"widget\" data-e-type=\"widget\" data-widget_type=\"stm_testimonials.default\">\n\t\t\t\t<div class=\"elementor-widget-container\">\n\t\t\t\t\t\n\n\t\t\t<div class=\"stm_testimonials consulting_elementor_testimonials cols_1 style_1\">\n\t\t\t\t\t\t\t<div class=\"item\">\n\t\t\t\t\t<div class=\"testimonial\"><p>\u201cThe results were clear, professional, and persuasive, and the investors and advisors who have seen the materials loved them. They know what investors want!\u201d<\/p>\n<\/div>\n\t\t\t\t\t<div class=\"testimonial-info clearfix\">\n\t\t\t\t\t\t<div class=\"testimonial-image\"><img decoding=\"async\" width=\"50\" height=\"50\" src=\"https:\/\/centering.hr\/wp-content\/uploads\/2018\/12\/testimonials-1-50x50.jpg\" class=\"attachment-consulting-image-50x50-croped size-consulting-image-50x50-croped wp-post-image\" alt=\"theme_placeholder\" srcset=\"https:\/\/centering.hr\/wp-content\/uploads\/2018\/12\/testimonials-1-50x50.jpg 50w, https:\/\/centering.hr\/wp-content\/uploads\/2018\/12\/testimonials-1-300x300.jpg 300w, https:\/\/centering.hr\/wp-content\/uploads\/2018\/12\/testimonials-1-150x150.jpg 150w, https:\/\/centering.hr\/wp-content\/uploads\/2018\/12\/testimonials-1-12x12.jpg 12w, https:\/\/centering.hr\/wp-content\/uploads\/2018\/12\/testimonials-1-320x320.jpg 320w, https:\/\/centering.hr\/wp-content\/uploads\/2018\/12\/testimonials-1-100x100.jpg 100w, https:\/\/centering.hr\/wp-content\/uploads\/2018\/12\/testimonials-1.jpg 360w\" sizes=\"(max-width: 50px) 100vw, 50px\" \/><\/div>\n\t\t\t\t\t\t<div class=\"testimonial-text\">\n\t\t\t\t\t\t\t<div class=\"name\">Damian Smulders<\/div>\n\t\t\t\t\t\t\t<div class=\"company\">\n\t\t\t\t\t\t\tCTO, DeepOcean Entertainment\t\t\t\t\t\t\t<\/div>\n\t\t\t\t\t\t<\/div>\n\t\t\t\t\t<\/div>\n\t\t\t\t<\/div>\n\t\t\t\t\t<\/div>\n\t\n\t\t\t\t\t<\/div>\n\t\t\t\t<\/div>\n\t\t\t\t<div class=\"elementor-element elementor-element-b644ffd elementor-widget elementor-widget-wp-widget-recent-posts\" data-id=\"b644ffd\" data-element_type=\"widget\" data-e-type=\"widget\" data-widget_type=\"wp-widget-recent-posts.default\">\n\t\t\t\t<div class=\"elementor-widget-container\">\n\t\t\t\t\t<aside class='widget widget_recent_entries'>\n\t\t\n\t\t<h5 class=\"widget_title\">Nove objave<\/h5>\n\t\t<ul>\n\t\t\t\t\t\t\t\t\t\t\t<li>\n\t\t\t\t\t<a href=\"https:\/\/centering.hr\/hr\/2026\/03\/03\/zaposljavamo-2\/\">ZAPO\u0160LJAVAMO!<\/a>\n\t\t\t\t\t\t\t\t\t<\/li>\n\t\t\t\t\t\t\t\t\t\t\t<li>\n\t\t\t\t\t<a href=\"https:\/\/centering.hr\/hr\/2022\/06\/23\/s-ulica-pariza-do-zapresica-fete-de-la-musique\/\">S ulica Pariza do Zapre\u0161i\u0107a: F\u00eate de la Musique<\/a>\n\t\t\t\t\t\t\t\t\t<\/li>\n\t\t\t\t\t\t\t\t\t\t\t<li>\n\t\t\t\t\t<a href=\"https:\/\/centering.hr\/hr\/2022\/06\/23\/zaposljavamo\/\">Zapo\u0161ljavamo!<\/a>\n\t\t\t\t\t\t\t\t\t<\/li>\n\t\t\t\t\t\t\t\t\t\t\t<li>\n\t\t\t\t\t<a href=\"https:\/\/centering.hr\/hr\/2022\/06\/23\/rimac-nevera-zvijezda-dogadaja-fly-over\/\">Rimac Nevera &#8211; zvijezda doga\u0111aja Fly Over<\/a>\n\t\t\t\t\t\t\t\t\t<\/li>\n\t\t\t\t\t\t\t\t\t\t\t<li>\n\t\t\t\t\t<a href=\"https:\/\/centering.hr\/hr\/2022\/03\/02\/marko-zupa-to-jury-the-grand-prix\/\">Marko \u017dupa u \u017eiriju Grand PRix-a<\/a>\n\t\t\t\t\t\t\t\t\t<\/li>\n\t\t\t\t\t<\/ul>\n\n\t\t<\/aside>\t\t\t\t<\/div>\n\t\t\t\t<\/div>\n\t\t\t\t\t<\/div>\n\t\t<\/div>\n\t\t\t\t\t<\/div>\n\t\t<\/section>\n\t\t\t\t<\/div>\n\t\t    \n<\/div>\t\t\t\t<\/div>\n\t\t\t\t<\/div>\n\t\t\t\t\t<\/div>\n\t\t<\/div>\n\t\t\t\t\t<\/div>\n\t\t<\/section>\n\t\t\t\t<\/div>","protected":false},"excerpt":{"rendered":"<p>[vc_row][vc_column width=&#8221;2\/3&#8243;][stm_news loop=&#8221;size:5|post_type:stm_works&#8221; view_style=&#8221;style_3&#8243; img_size=&#8221;260&#215;170&#8243;][\/vc_column][vc_column width=&#8221;1\/3&#8243;][stm_sidebar sidebar=&#8221;573&#8243;][\/vc_column][\/vc_row]<\/p>\n","protected":false},"author":1,"featured_media":0,"parent":0,"menu_order":0,"comment_status":"closed","ping_status":"closed","template":"","meta":{"footnotes":""},"class_list":["post-6318","page","type-page","status-publish","hentry"],"yoast_head":"<!-- This site is optimized with the Yoast SEO plugin v27.5 - https:\/\/yoast.com\/product\/yoast-seo-wordpress\/ -->\n<title>Cases list - Centering<\/title>\n<meta name=\"robots\" content=\"index, follow, max-snippet:-1, max-image-preview:large, max-video-preview:-1\" \/>\n<link rel=\"canonical\" href=\"https:\/\/centering.hr\/hr\/cases-list\/\" \/>\n<meta property=\"og:locale\" content=\"hr_HR\" \/>\n<meta property=\"og:type\" content=\"article\" \/>\n<meta property=\"og:title\" content=\"Cases list - Centering\" \/>\n<meta property=\"og:description\" content=\"[vc_row][vc_column width=&#8221;2\/3&#8243;][stm_news loop=&#8221;size:5|post_type:stm_works&#8221; view_style=&#8221;style_3&#8243; img_size=&#8221;260&#215;170&#8243;][\/vc_column][vc_column width=&#8221;1\/3&#8243;][stm_sidebar sidebar=&#8221;573&#8243;][\/vc_column][\/vc_row]\" \/>\n<meta property=\"og:url\" content=\"https:\/\/centering.hr\/hr\/cases-list\/\" \/>\n<meta property=\"og:site_name\" content=\"Centering\" \/>\n<meta name=\"twitter:card\" content=\"summary_large_image\" \/>\n<script type=\"application\/ld+json\" class=\"yoast-schema-graph\">{\"@context\":\"https:\\\/\\\/schema.org\",\"@graph\":[{\"@type\":\"WebPage\",\"@id\":\"https:\\\/\\\/centering.hr\\\/cases-list\\\/\",\"url\":\"https:\\\/\\\/centering.hr\\\/cases-list\\\/\",\"name\":\"Cases list - Centering\",\"isPartOf\":{\"@id\":\"https:\\\/\\\/centering.hr\\\/#website\"},\"datePublished\":\"2019-12-09T11:41:49+00:00\",\"breadcrumb\":{\"@id\":\"https:\\\/\\\/centering.hr\\\/cases-list\\\/#breadcrumb\"},\"inLanguage\":\"hr\",\"potentialAction\":[{\"@type\":\"ReadAction\",\"target\":[\"https:\\\/\\\/centering.hr\\\/cases-list\\\/\"]}]},{\"@type\":\"BreadcrumbList\",\"@id\":\"https:\\\/\\\/centering.hr\\\/cases-list\\\/#breadcrumb\",\"itemListElement\":[{\"@type\":\"ListItem\",\"position\":1,\"name\":\"Home\",\"item\":\"https:\\\/\\\/centering.hr\\\/\"},{\"@type\":\"ListItem\",\"position\":2,\"name\":\"Cases list\"}]},{\"@type\":\"WebSite\",\"@id\":\"https:\\\/\\\/centering.hr\\\/#website\",\"url\":\"https:\\\/\\\/centering.hr\\\/\",\"name\":\"Centering\",\"description\":\"marketing i pr\",\"publisher\":{\"@id\":\"https:\\\/\\\/centering.hr\\\/#organization\"},\"potentialAction\":[{\"@type\":\"SearchAction\",\"target\":{\"@type\":\"EntryPoint\",\"urlTemplate\":\"https:\\\/\\\/centering.hr\\\/?s={search_term_string}\"},\"query-input\":{\"@type\":\"PropertyValueSpecification\",\"valueRequired\":true,\"valueName\":\"search_term_string\"}}],\"inLanguage\":\"hr\"},{\"@type\":\"Organization\",\"@id\":\"https:\\\/\\\/centering.hr\\\/#organization\",\"name\":\"F.O. Centering\",\"url\":\"https:\\\/\\\/centering.hr\\\/\",\"logo\":{\"@type\":\"ImageObject\",\"inLanguage\":\"hr\",\"@id\":\"https:\\\/\\\/centering.hr\\\/#\\\/schema\\\/logo\\\/image\\\/\",\"url\":\"https:\\\/\\\/centering.hr\\\/wp-content\\\/uploads\\\/2021\\\/12\\\/logo-foc-centering-white-stroke.png\",\"contentUrl\":\"https:\\\/\\\/centering.hr\\\/wp-content\\\/uploads\\\/2021\\\/12\\\/logo-foc-centering-white-stroke.png\",\"width\":800,\"height\":86,\"caption\":\"F.O. Centering\"},\"image\":{\"@id\":\"https:\\\/\\\/centering.hr\\\/#\\\/schema\\\/logo\\\/image\\\/\"},\"sameAs\":[\"https:\\\/\\\/www.instagram.com\\\/centering.agency\\\/?hl=hr\",\"https:\\\/\\\/hr.linkedin.com\\\/company\\\/centering-agency\"]}]}<\/script>\n<!-- \/ Yoast SEO plugin. -->","yoast_head_json":{"title":"Cases list - Centering","robots":{"index":"index","follow":"follow","max-snippet":"max-snippet:-1","max-image-preview":"max-image-preview:large","max-video-preview":"max-video-preview:-1"},"canonical":"https:\/\/centering.hr\/hr\/cases-list\/","og_locale":"hr_HR","og_type":"article","og_title":"Cases list - Centering","og_description":"[vc_row][vc_column width=&#8221;2\/3&#8243;][stm_news loop=&#8221;size:5|post_type:stm_works&#8221; view_style=&#8221;style_3&#8243; img_size=&#8221;260&#215;170&#8243;][\/vc_column][vc_column width=&#8221;1\/3&#8243;][stm_sidebar sidebar=&#8221;573&#8243;][\/vc_column][\/vc_row]","og_url":"https:\/\/centering.hr\/hr\/cases-list\/","og_site_name":"Centering","twitter_card":"summary_large_image","schema":{"@context":"https:\/\/schema.org","@graph":[{"@type":"WebPage","@id":"https:\/\/centering.hr\/cases-list\/","url":"https:\/\/centering.hr\/cases-list\/","name":"Cases list - Centering","isPartOf":{"@id":"https:\/\/centering.hr\/#website"},"datePublished":"2019-12-09T11:41:49+00:00","breadcrumb":{"@id":"https:\/\/centering.hr\/cases-list\/#breadcrumb"},"inLanguage":"hr","potentialAction":[{"@type":"ReadAction","target":["https:\/\/centering.hr\/cases-list\/"]}]},{"@type":"BreadcrumbList","@id":"https:\/\/centering.hr\/cases-list\/#breadcrumb","itemListElement":[{"@type":"ListItem","position":1,"name":"Home","item":"https:\/\/centering.hr\/"},{"@type":"ListItem","position":2,"name":"Cases list"}]},{"@type":"WebSite","@id":"https:\/\/centering.hr\/#website","url":"https:\/\/centering.hr\/","name":"Centering","description":"marketing i pr","publisher":{"@id":"https:\/\/centering.hr\/#organization"},"potentialAction":[{"@type":"SearchAction","target":{"@type":"EntryPoint","urlTemplate":"https:\/\/centering.hr\/?s={search_term_string}"},"query-input":{"@type":"PropertyValueSpecification","valueRequired":true,"valueName":"search_term_string"}}],"inLanguage":"hr"},{"@type":"Organization","@id":"https:\/\/centering.hr\/#organization","name":"F.O. Centering","url":"https:\/\/centering.hr\/","logo":{"@type":"ImageObject","inLanguage":"hr","@id":"https:\/\/centering.hr\/#\/schema\/logo\/image\/","url":"https:\/\/centering.hr\/wp-content\/uploads\/2021\/12\/logo-foc-centering-white-stroke.png","contentUrl":"https:\/\/centering.hr\/wp-content\/uploads\/2021\/12\/logo-foc-centering-white-stroke.png","width":800,"height":86,"caption":"F.O. Centering"},"image":{"@id":"https:\/\/centering.hr\/#\/schema\/logo\/image\/"},"sameAs":["https:\/\/www.instagram.com\/centering.agency\/?hl=hr","https:\/\/hr.linkedin.com\/company\/centering-agency"]}]}},"_links":{"self":[{"href":"https:\/\/centering.hr\/hr\/wp-json\/wp\/v2\/pages\/6318","targetHints":{"allow":["GET"]}}],"collection":[{"href":"https:\/\/centering.hr\/hr\/wp-json\/wp\/v2\/pages"}],"about":[{"href":"https:\/\/centering.hr\/hr\/wp-json\/wp\/v2\/types\/page"}],"author":[{"embeddable":true,"href":"https:\/\/centering.hr\/hr\/wp-json\/wp\/v2\/users\/1"}],"replies":[{"embeddable":true,"href":"https:\/\/centering.hr\/hr\/wp-json\/wp\/v2\/comments?post=6318"}],"version-history":[{"count":0,"href":"https:\/\/centering.hr\/hr\/wp-json\/wp\/v2\/pages\/6318\/revisions"}],"wp:attachment":[{"href":"https:\/\/centering.hr\/hr\/wp-json\/wp\/v2\/media?parent=6318"}],"curies":[{"name":"wp","href":"https:\/\/api.w.org\/{rel}","templated":true}]}}